{"id":105,"date":"2021-08-07T16:36:49","date_gmt":"2021-08-07T14:36:49","guid":{"rendered":"https:\/\/tischlerei-rf.de\/neu\/?page_id=105"},"modified":"2021-08-07T17:14:18","modified_gmt":"2021-08-07T15:14:18","slug":"produkte","status":"publish","type":"page","link":"https:\/\/tischlerei-rf.de\/?page_id=105","title":{"rendered":"Produkte"},"content":{"rendered":"<div class=\"wp-block-columns\"><\/div>\n\n\n<div class=\"wp-block-column is-layout-flow wp-block-column-is-layout-flow\" style=\"flex-basis:100%\">\n<p><a href=\"https:\/\/tischlerei-rf.de\/neu\/fenster\/\" data-type=\"page\" data-id=\"112\">Fenster<\/a><\/p>\n\n\n\n<p><a href=\"https:\/\/tischlerei-rf.de\/neu\/haustueren\/\" data-type=\"page\" data-id=\"115\">Haust\u00fcren<\/a><\/p>\n\n\n\n<p><a href=\"https:\/\/tischlerei-rf.de\/neu\/hebeschiebeanlagen\/\" data-type=\"page\" data-id=\"117\">Hebeschiebeanlagen<\/a><\/p>\n\n\n\n<p><a href=\"https:\/\/tischlerei-rf.de\/neu\/rolllaeden\/\" data-type=\"page\" data-id=\"117\">Rolll\u00e4den<\/a><\/p>\n\n\n\n<p><a href=\"https:\/\/tischlerei-rf.de\/neu\/insektenschutz\/\" data-type=\"page\" data-id=\"117\">Insektenschutz<\/a><\/p>\n\n\n\n<p><a href=\"https:\/\/tischlerei-rf.de\/neu\/briefkastenanlagen\/\" data-type=\"page\" data-id=\"117\">Briefkastenanlagen<\/a><\/p>\n\n\n\n<p><a href=\"https:\/\/tischlerei-rf.de\/neu\/design\/\" data-type=\"page\" data-id=\"117\">Design<\/a><\/p>\n\n\n\n<p><a href=\"https:\/\/tischlerei-rf.de\/neu\/barrierefreiheit\/\" data-type=\"page\" data-id=\"117\">Barrierefreiheit<\/a><\/p>\n\n\n\n<p><a href=\"https:\/\/tischlerei-rf.de\/neu\/waermeschutz\/\" data-type=\"page\" data-id=\"117\">W\u00e4rmeschutz<\/a><\/p>\n\n\n\n<p><a href=\"https:\/\/tischlerei-rf.de\/neu\/sicherheit\/\" data-type=\"page\" data-id=\"117\">Sicherheit<\/a><\/p>\n\n\n\n<p><a href=\"https:\/\/tischlerei-rf.de\/neu\/komfort-smart-home\/\" data-type=\"page\" data-id=\"117\">Komfort &amp; Smart Home<\/a><\/p>\n\n\n\n<p><a href=\"https:\/\/tischlerei-rf.de\/neu\/qualitaet-und-garantie\/\" data-type=\"page\" data-id=\"117\">Qualit\u00e4t und Garantie<\/a><\/p>\n<\/div>\n","protected":false},"excerpt":{"rendered":"<p>Fenster Haust\u00fcren Hebeschiebeanlagen Rolll\u00e4den Insektenschutz Briefkastenanlagen Design Barrierefreiheit W\u00e4rmeschutz Sicherheit Komfort &amp; Smart Home Qualit\u00e4t und Garantie<\/p>\n","protected":false},"author":1,"featured_media":0,"parent":0,"menu_order":0,"comment_status":"closed","ping_status":"closed","template":"","meta":{"footnotes":""},"class_list":["post-105","page","type-page","status-publish","hentry"],"_links":{"self":[{"href":"https:\/\/tischlerei-rf.de\/index.php?rest_route=\/wp\/v2\/pages\/105","targetHints":{"allow":["GET"]}}],"collection":[{"href":"https:\/\/tischlerei-rf.de\/index.php?rest_route=\/wp\/v2\/pages"}],"about":[{"href":"https:\/\/tischlerei-rf.de\/index.php?rest_route=\/wp\/v2\/types\/page"}],"author":[{"embeddable":true,"href":"https:\/\/tischlerei-rf.de\/index.php?rest_route=\/wp\/v2\/users\/1"}],"replies":[{"embeddable":true,"href":"https:\/\/tischlerei-rf.de\/index.php?rest_route=%2Fwp%2Fv2%2Fcomments&post=105"}],"version-history":[{"count":10,"href":"https:\/\/tischlerei-rf.de\/index.php?rest_route=\/wp\/v2\/pages\/105\/revisions"}],"predecessor-version":[{"id":180,"href":"https:\/\/tischlerei-rf.de\/index.php?rest_route=\/wp\/v2\/pages\/105\/revisions\/180"}],"wp:attachment":[{"href":"https:\/\/tischlerei-rf.de\/index.php?rest_route=%2Fwp%2Fv2%2Fmedia&parent=105"}],"curies":[{"name":"wp","href":"https:\/\/api.w.org\/{rel}","templated":true}]}}